{"id":35,"date":"2024-10-30T22:28:37","date_gmt":"2024-10-30T21:28:37","guid":{"rendered":"https:\/\/www.ganovelli-concept.fr\/offerings\/"},"modified":"2024-11-28T03:31:15","modified_gmt":"2024-11-28T02:31:15","slug":"offerings","status":"publish","type":"page","link":"https:\/\/www.ganovelli-concept.fr\/fr\/offerings\/","title":{"rendered":""},"content":{"rendered":"<div class=\"wp-block-uagb-container uag-blocks-common-selector uagb-block-7024acc2 alignfull uagb-is-root-container\"><div class=\"uagb-container-inner-blocks-wrap\"><\/div><\/div>\n\n\n\n<div class=\"wp-block-uagb-container uagb-block-7449c9bf alignfull uagb-is-root-container\"><div class=\"uagb-container-inner-blocks-wrap\">\n<div class=\"wp-block-uagb-container uag-blocks-common-selector uagb-block-30b178af\">\n<div class=\"wp-block-uagb-container uagb-block-e08d2ba7\">\n<div class=\"wp-block-uagb-info-box uagb-block-cb1e2609 uagb-infobox__content-wrap  uagb-infobox-icon-above-title uagb-infobox-image-valign-top\"><div class=\"uagb-ifb-content\"><div class=\"uagb-ifb-title-wrap\"><span class=\"uagb-ifb-title-prefix\">01<\/span><h2 class=\"uagb-ifb-title\">Syst\u00e8mes sur-mesure<\/h2><\/div><p class=\"uagb-ifb-desc\">L'ACS est un syst\u00e8me de s\u00e9curit\u00e9 autonome et automatique visant \u00e0 r\u00e9duire le risque de chavirememt parmis les voilliers multicoques de performance.<br>Il s\u00e9curise l'\u00e9coute et la rel\u00e2che en cas d'angle de gite ou d'enfournement critique.<br><\/p><\/div><\/div>\n<\/div>\n\n\n\n<div class=\"wp-block-uagb-container uagb-block-fa9be21e\">\n<div class=\"wp-block-uagb-image alignleft uagb-block-624b89c7 wp-block-uagb-image--layout-default wp-block-uagb-image--effect-static wp-block-uagb-image--align-left\"><figure class=\"wp-block-uagb-image__figure\"><img decoding=\"async\" srcset=\"https:\/\/www.ganovelli-concept.fr\/wp-content\/uploads\/2023\/09\/REA-RENVOI-ACS-2.jpg ,https:\/\/www.ganovelli-concept.fr\/wp-content\/uploads\/2023\/09\/REA-RENVOI-ACS-2.jpg 780w, https:\/\/www.ganovelli-concept.fr\/wp-content\/uploads\/2023\/09\/REA-RENVOI-ACS-2.jpg 360w\" sizes=\"(max-width: 480px) 150px\" src=\"https:\/\/www.ganovelli-concept.fr\/wp-content\/uploads\/2023\/09\/REA-RENVOI-ACS-2.jpg\" alt=\"\" class=\"uag-image-886\" width=\"600\" height=\"464\" title=\"services-01\" loading=\"lazy\" role=\"img\"\/><\/figure><\/div>\n<\/div>\n<\/div>\n\n\n\n<div class=\"wp-block-uagb-container uagb-block-947592b1 alignfull uagb-is-root-container\"><div class=\"uagb-container-inner-blocks-wrap\">\n<div class=\"wp-block-uagb-container uagb-block-5e41bb9d\">\n<div class=\"wp-block-uagb-image alignleft uagb-block-6f3129d4 wp-block-uagb-image--layout-default wp-block-uagb-image--effect-static wp-block-uagb-image--align-left\"><figure class=\"wp-block-uagb-image__figure\"><img decoding=\"async\" srcset=\"https:\/\/www.ganovelli-concept.fr\/wp-content\/uploads\/2024\/10\/IMG_4057-768x1024.jpg ,https:\/\/www.ganovelli-concept.fr\/wp-content\/uploads\/2024\/10\/IMG_4057-scaled.jpg 780w, https:\/\/www.ganovelli-concept.fr\/wp-content\/uploads\/2024\/10\/IMG_4057-scaled.jpg 360w\" sizes=\"(max-width: 480px) 150px\" src=\"https:\/\/www.ganovelli-concept.fr\/wp-content\/uploads\/2024\/10\/IMG_4057-768x1024.jpg\" alt=\"\" class=\"uag-image-1351\" width=\"600\" height=\"464\" title=\"IMG_4057\" loading=\"lazy\" role=\"img\"\/><\/figure><\/div>\n<\/div>\n\n\n\n<div class=\"wp-block-uagb-container uagb-block-9a73b9d6\">\n<div class=\"wp-block-uagb-info-box uagb-block-c2081357 uagb-infobox__content-wrap  uagb-infobox-icon-above-title uagb-infobox-image-valign-top\"><div class=\"uagb-ifb-content\"><div class=\"uagb-ifb-title-wrap\"><span class=\"uagb-ifb-title-prefix\">02<\/span><h2 class=\"uagb-ifb-title\">Un syst\u00e8me \u00e9pur\u00e9<\/h2><\/div><p class=\"uagb-ifb-desc\">L'ACS est un syst\u00e8me simple d'utilisation, il se concentre uniquement sur sa t\u00e2che et est d\u00e9nu\u00e9 de tout artifice. Il est r\u00e9glable facilement et ne consomme que 0,01A en marche. Con\u00e7u essentiellement en carbone, il ne surchargera pas non plus le poids du navire.<\/p><\/div><\/div>\n<\/div>\n<\/div><\/div>\n\n\n\n<div class=\"wp-block-uagb-container uagb-block-706afc9c alignfull uagb-is-root-container\"><div class=\"uagb-container-inner-blocks-wrap\">\n<div class=\"wp-block-uagb-container uagb-block-f7b650f5\">\n<div class=\"wp-block-uagb-info-box uagb-block-4853bff0 uagb-infobox__content-wrap  uagb-infobox-icon-above-title uagb-infobox-image-valign-top\"><div class=\"uagb-ifb-content\"><div class=\"uagb-ifb-title-wrap\"><span class=\"uagb-ifb-title-prefix\">03<\/span><h2 class=\"uagb-ifb-title\">Fiabilit\u00e9<\/h2><\/div><p class=\"uagb-ifb-desc\">Avec l'aide de capteurs pr\u00e9cis, notre syst\u00e8me, qui peut \u00eatre aussi d\u00e9clench\u00e9 manuellement, et automatis\u00e9 afin de vous faire gagner de pr\u00e9cieuces secondes quant au largage des \u00e9coutes et du chariot de grand voile dans une situation critique.<\/p><\/div><\/div>\n<\/div>\n\n\n\n<div class=\"wp-block-uagb-container uagb-block-482c24a8\">\n<div class=\"wp-block-uagb-image alignleft uagb-block-63ffd992 wp-block-uagb-image--layout-default wp-block-uagb-image--effect-static wp-block-uagb-image--align-left\"><figure class=\"wp-block-uagb-image__figure\"><img decoding=\"async\" srcset=\"https:\/\/www.ganovelli-concept.fr\/wp-content\/uploads\/2023\/09\/23509384_1725813120770777_3608211451903276987_o.jpg ,https:\/\/www.ganovelli-concept.fr\/wp-content\/uploads\/2023\/09\/23509384_1725813120770777_3608211451903276987_o.jpg 780w, https:\/\/www.ganovelli-concept.fr\/wp-content\/uploads\/2023\/09\/23509384_1725813120770777_3608211451903276987_o.jpg 360w\" sizes=\"(max-width: 480px) 150px\" src=\"https:\/\/www.ganovelli-concept.fr\/wp-content\/uploads\/2023\/09\/23509384_1725813120770777_3608211451903276987_o.jpg\" alt=\"\" class=\"uag-image-849\" width=\"600\" height=\"464\" title=\"services-03\" loading=\"lazy\" role=\"img\"\/><\/figure><\/div>\n<\/div>\n<\/div><\/div>\n<\/div><\/div>\n\n\n\n<div class=\"wp-block-uagb-container uagb-block-23219eeb alignfull uagb-is-root-container\"><div class=\"uagb-container-inner-blocks-wrap\">\n<div class=\"wp-block-uagb-container uagb-block-326b684b\">\n<figure class=\"wp-block-image size-large is-resized has-custom-border is-style-rounded\"><img loading=\"lazy\" decoding=\"async\" width=\"685\" height=\"1024\" src=\"https:\/\/www.ganovelli-concept.fr\/wp-content\/uploads\/2024\/11\/DSCF362720-edited-685x1024.jpg\" alt=\"\" class=\"wp-image-1398\" style=\"border-style:none;border-width:0px;border-radius:79px;width:489px;height:auto\" srcset=\"https:\/\/www.ganovelli-concept.fr\/wp-content\/uploads\/2024\/11\/DSCF362720-edited-685x1024.jpg 685w, https:\/\/www.ganovelli-concept.fr\/wp-content\/uploads\/2024\/11\/DSCF362720-edited-201x300.jpg 201w, https:\/\/www.ganovelli-concept.fr\/wp-content\/uploads\/2024\/11\/DSCF362720-edited-768x1148.jpg 768w, https:\/\/www.ganovelli-concept.fr\/wp-content\/uploads\/2024\/11\/DSCF362720-edited.jpg 787w\" sizes=\"(max-width: 685px) 100vw, 685px\" \/><\/figure>\n<\/div>\n\n\n\n<div class=\"wp-block-uagb-container uagb-block-65a83a8a\">\n<div class=\"wp-block-uagb-info-box uagb-block-1eaaa664 uagb-infobox__content-wrap  uagb-infobox-icon-above-title uagb-infobox-image-valign-top\"><div class=\"uagb-ifb-content\"><div class=\"uagb-ifb-title-wrap\"><span class=\"uagb-ifb-title-prefix\">04<\/span><h2 class=\"uagb-ifb-title\">Adaptabilit\u00e9<\/h2><\/div><p class=\"uagb-ifb-desc\">Sur un Ultim de 105 pieds ou un catamaran de croisi\u00e8re de 40 pieds, l'ACS est un atout pr\u00e9cieux :<\/p><\/div><\/div>\n\n\n\n<p class=\"has-text-align-left\" style=\"margin-top:0;margin-right:var(--wp--preset--spacing--30);margin-bottom:0;margin-left:var(--wp--preset--spacing--30)\">Install\u00e9 sur mesure sur chaque navire, notre syst\u00e8me dispos\u00e9 \u00e9galement de 4 diff\u00e9rentes options pour l'organe de largage. \u00c0 chaque organe sa sp\u00e9cificit\u00e9, permettant le largage sans tension d'\u00e9coute, la retenue de forte charge, un largage progressif ou encore un contr\u00f4le hydraulique de syst\u00e8me d'\u00e9coute fixes ou de winchs captifs.\nL'ACS est un incontournable pour les multicoques de performance et de luxe.<\/p>\n\n\n\n<p><\/p>\n\n\n\n<p><\/p>\n<\/div>\n<\/div><\/div>\n\n\n\n<p><\/p>","protected":false},"excerpt":{"rendered":"<p>Custom-fitted aboard each vessel, our system also has 4 different versions, to each their own release mechanism, it can even [&hellip;]<\/p>","protected":false},"author":1,"featured_media":0,"parent":0,"menu_order":0,"comment_status":"closed","ping_status":"closed","template":"","meta":{"_uag_custom_page_level_css":"","site-sidebar-layout":"default","site-content-layout":"page-builder","ast-site-content-layout":"default","site-content-style":"default","site-sidebar-style":"default","ast-global-header-display":"","ast-banner-title-visibility":"","ast-main-header-display":"","ast-hfb-above-header-display":"","ast-hfb-below-header-display":"","ast-hfb-mobile-header-display":"","site-post-title":"disabled","ast-breadcrumbs-content":"","ast-featured-img":"","footer-sml-layout":"","theme-transparent-header-meta":"enabled","adv-header-id-meta":"","stick-header-meta":"","header-above-stick-meta":"","header-main-stick-meta":"","header-below-stick-meta":"","astra-migrate-meta-layouts":"set","ast-page-background-enabled":"default","ast-page-background-meta":{"desktop":{"background-color":"var(--ast-global-color-4)","background-image":"","background-repeat":"repeat","background-position":"center center","background-size":"auto","background-attachment":"scroll","background-type":"","background-media":"","overlay-type":"","overlay-color":"","overlay-opacity":"","overlay-gradient":""},"tablet":{"background-color":"","background-image":"","background-repeat":"repeat","background-position":"center center","background-size":"auto","background-attachment":"scroll","background-type":"","background-media":"","overlay-type":"","overlay-color":"","overlay-opacity":"","overlay-gradient":""},"mobile":{"background-color":"","background-image":"","background-repeat":"repeat","background-position":"center center","background-size":"auto","background-attachment":"scroll","background-type":"","background-media":"","overlay-type":"","overlay-color":"","overlay-opacity":"","overlay-gradient":""}},"ast-content-background-meta":{"desktop":{"background-color":"var(--ast-global-color-5)","background-image":"","background-repeat":"repeat","background-position":"center center","background-size":"auto","background-attachment":"scroll","background-type":"","background-media":"","overlay-type":"","overlay-color":"","overlay-opacity":"","overlay-gradient":""},"tablet":{"background-color":"var(--ast-global-color-5)","background-image":"","background-repeat":"repeat","background-position":"center center","background-size":"auto","background-attachment":"scroll","background-type":"","background-media":"","overlay-type":"","overlay-color":"","overlay-opacity":"","overlay-gradient":""},"mobile":{"background-color":"var(--ast-global-color-5)","background-image":"","background-repeat":"repeat","background-position":"center center","background-size":"auto","background-attachment":"scroll","background-type":"","background-media":"","overlay-type":"","overlay-color":"","overlay-opacity":"","overlay-gradient":""}},"footnotes":""},"class_list":["post-35","page","type-page","status-publish","hentry"],"uagb_featured_image_src":{"full":false,"thumbnail":false,"medium":false,"medium_large":false,"large":false,"1536x1536":false,"2048x2048":false,"trp-custom-language-flag":false},"uagb_author_info":{"display_name":"admin_gc","author_link":"https:\/\/www.ganovelli-concept.fr\/fr\/author\/admin_gc\/"},"uagb_comment_info":0,"uagb_excerpt":"Custom-fitted aboard each vessel, our system also has 4 different versions, to each their own release mechanism, it can even [&hellip;]","_links":{"self":[{"href":"https:\/\/www.ganovelli-concept.fr\/fr\/wp-json\/wp\/v2\/pages\/35"}],"collection":[{"href":"https:\/\/www.ganovelli-concept.fr\/fr\/wp-json\/wp\/v2\/pages"}],"about":[{"href":"https:\/\/www.ganovelli-concept.fr\/fr\/wp-json\/wp\/v2\/types\/page"}],"author":[{"embeddable":true,"href":"https:\/\/www.ganovelli-concept.fr\/fr\/wp-json\/wp\/v2\/users\/1"}],"replies":[{"embeddable":true,"href":"https:\/\/www.ganovelli-concept.fr\/fr\/wp-json\/wp\/v2\/comments?post=35"}],"version-history":[{"count":32,"href":"https:\/\/www.ganovelli-concept.fr\/fr\/wp-json\/wp\/v2\/pages\/35\/revisions"}],"predecessor-version":[{"id":1477,"href":"https:\/\/www.ganovelli-concept.fr\/fr\/wp-json\/wp\/v2\/pages\/35\/revisions\/1477"}],"wp:attachment":[{"href":"https:\/\/www.ganovelli-concept.fr\/fr\/wp-json\/wp\/v2\/media?parent=35"}],"curies":[{"name":"wp","href":"https:\/\/api.w.org\/{rel}","templated":true}]}}