{"id":39,"date":"2021-06-18T10:34:41","date_gmt":"2021-06-18T08:34:41","guid":{"rendered":"https:\/\/www.ganovelli-concept.fr\/?page_id=39"},"modified":"2023-09-22T13:24:59","modified_gmt":"2023-09-22T11:24:59","slug":"principe","status":"publish","type":"page","link":"https:\/\/www.ganovelli-concept.fr\/fr\/principe\/","title":{"rendered":"Principe"},"content":{"rendered":"<figure class=\"wp-block-image size-full\"><img loading=\"lazy\" decoding=\"async\" width=\"1525\" height=\"2202\" src=\"https:\/\/www.ganovelli-concept.fr\/wp-content\/uploads\/2021\/11\/ACS-PRINCIPE.jpg\" alt=\"\" class=\"wp-image-219\" srcset=\"https:\/\/www.ganovelli-concept.fr\/wp-content\/uploads\/2021\/11\/ACS-PRINCIPE.jpg 1525w, https:\/\/www.ganovelli-concept.fr\/wp-content\/uploads\/2021\/11\/ACS-PRINCIPE-208x300.jpg 208w, https:\/\/www.ganovelli-concept.fr\/wp-content\/uploads\/2021\/11\/ACS-PRINCIPE-709x1024.jpg 709w, https:\/\/www.ganovelli-concept.fr\/wp-content\/uploads\/2021\/11\/ACS-PRINCIPE-768x1109.jpg 768w, https:\/\/www.ganovelli-concept.fr\/wp-content\/uploads\/2021\/11\/ACS-PRINCIPE-1064x1536.jpg 1064w, https:\/\/www.ganovelli-concept.fr\/wp-content\/uploads\/2021\/11\/ACS-PRINCIPE-1418x2048.jpg 1418w\" sizes=\"(max-width: 1525px) 100vw, 1525px\" \/><\/figure>\n\n\n\n<p class=\"has-vivid-red-color has-text-color\" style=\"font-size:27px\"><strong>PARTIE COMMANDE &amp; D\u00c9TECTION<\/strong><\/p>\n\n\n\n<ol class=\"has-vivid-red-color has-text-color has-medium-font-size wp-block-list\"><li>BOITIER DE D\u00c9TECTION<\/li><\/ol>\n\n\n\n<div class=\"wp-block-image\"><figure class=\"aligncenter size-large\"><img loading=\"lazy\" decoding=\"async\" width=\"1024\" height=\"563\" src=\"https:\/\/www.ganovelli-concept.fr\/wp-content\/uploads\/2021\/11\/FACADE-ACS-1024x563.jpg\" alt=\"\" class=\"wp-image-230\" srcset=\"https:\/\/www.ganovelli-concept.fr\/wp-content\/uploads\/2021\/11\/FACADE-ACS-1024x563.jpg 1024w, https:\/\/www.ganovelli-concept.fr\/wp-content\/uploads\/2021\/11\/FACADE-ACS-300x165.jpg 300w, https:\/\/www.ganovelli-concept.fr\/wp-content\/uploads\/2021\/11\/FACADE-ACS-768x422.jpg 768w, https:\/\/www.ganovelli-concept.fr\/wp-content\/uploads\/2021\/11\/FACADE-ACS.jpg 1487w\" sizes=\"(max-width: 1024px) 100vw, 1024px\" \/><\/figure><\/div>\n\n\n\n<p class=\"has-text-align-left\">C\u2019est un organe \u00e9lectronique de contr\u00f4le d\u2019assiette du bateau. Install\u00e9 \u00e0 demeure en cabine, il permet en temps r\u00e9el la mesure de la g\u00eete et de l\u2019enfournement du bateau. En cas de d\u00e9passement des angles limites (ou d\u2019activation d\u2019un panic button), le bo\u00eetier va activer les diff\u00e9rents organes m\u00e9caniques de largage d\u2019\u00e9coutes. Il est \u00e9galement param\u00e9trable et peut \u00eatre configur\u00e9 \u00ab&nbsp;\u00e0 la carte&nbsp;\u00bb.<\/p>\n\n\n\n<div class=\"wp-block-image\"><figure class=\"aligncenter size-large is-resized\"><img loading=\"lazy\" decoding=\"async\" src=\"https:\/\/www.ganovelli-concept.fr\/wp-content\/uploads\/2021\/11\/IMAGE-BOITIER-DETECTION-734x1024.jpg\" alt=\"\" class=\"wp-image-231\" width=\"734\" height=\"1024\" srcset=\"https:\/\/www.ganovelli-concept.fr\/wp-content\/uploads\/2021\/11\/IMAGE-BOITIER-DETECTION-734x1024.jpg 734w, https:\/\/www.ganovelli-concept.fr\/wp-content\/uploads\/2021\/11\/IMAGE-BOITIER-DETECTION-215x300.jpg 215w, https:\/\/www.ganovelli-concept.fr\/wp-content\/uploads\/2021\/11\/IMAGE-BOITIER-DETECTION-768x1071.jpg 768w, https:\/\/www.ganovelli-concept.fr\/wp-content\/uploads\/2021\/11\/IMAGE-BOITIER-DETECTION-1101x1536.jpg 1101w, https:\/\/www.ganovelli-concept.fr\/wp-content\/uploads\/2021\/11\/IMAGE-BOITIER-DETECTION-1469x2048.jpg 1469w, https:\/\/www.ganovelli-concept.fr\/wp-content\/uploads\/2021\/11\/IMAGE-BOITIER-DETECTION.jpg 1541w\" sizes=\"(max-width: 734px) 100vw, 734px\" \/><\/figure><\/div>\n\n\n\n<ol start=\"2\" class=\"has-vivid-red-color has-text-color has-medium-font-size wp-block-list\"><li>PANICS BUTTONS<\/li><\/ol>\n\n\n\n<p>Un d\u00e9clenchement manuel du largage des \u00e9coutes est possible par le biais de coupe circuit bracelets type panic-button (dispositif ARU). Ces d\u00e9clencheurs manuels peuvent \u00eatre install\u00e9s \u00e0 c\u00f4t\u00e9 d\u2019un poste de barre, d\u2019un pied de m\u00e2t. En fonction des besoins du skipper<\/p>\n\n\n\n<div class=\"wp-block-image\"><figure class=\"aligncenter size-medium\"><img loading=\"lazy\" decoding=\"async\" width=\"292\" height=\"300\" src=\"https:\/\/www.ganovelli-concept.fr\/wp-content\/uploads\/2023\/09\/Panic-Buttons-2023-292x300.jpg\" alt=\"\" class=\"wp-image-830\" srcset=\"https:\/\/www.ganovelli-concept.fr\/wp-content\/uploads\/2023\/09\/Panic-Buttons-2023-292x300.jpg 292w, https:\/\/www.ganovelli-concept.fr\/wp-content\/uploads\/2023\/09\/Panic-Buttons-2023.jpg 701w\" sizes=\"(max-width: 292px) 100vw, 292px\" \/><\/figure><\/div>\n\n\n\n<ol start=\"3\" class=\"has-vivid-red-color has-text-color has-medium-font-size wp-block-list\"><li>TELECOMMANDE SANS FILS<\/li><\/ol>\n\n\n\n<p>Cette t\u00e9l\u00e9commande permet \u00e0 distance le d\u00e9clenchement automatique du largage des \u00e9coutes. (t\u00e9l\u00e9commande \u00e9tanche et antichocs) port\u00e9e 300m.<\/p>\n\n\n\n<div class=\"wp-block-image\"><figure class=\"aligncenter size-medium is-resized\"><img loading=\"lazy\" decoding=\"async\" src=\"https:\/\/www.ganovelli-concept.fr\/wp-content\/uploads\/2021\/11\/telecommande-1-210x300.jpg\" alt=\"\" class=\"wp-image-238\" width=\"105\" height=\"150\" srcset=\"https:\/\/www.ganovelli-concept.fr\/wp-content\/uploads\/2021\/11\/telecommande-1-210x300.jpg 210w, https:\/\/www.ganovelli-concept.fr\/wp-content\/uploads\/2021\/11\/telecommande-1-718x1024.jpg 718w, https:\/\/www.ganovelli-concept.fr\/wp-content\/uploads\/2021\/11\/telecommande-1-768x1096.jpg 768w, https:\/\/www.ganovelli-concept.fr\/wp-content\/uploads\/2021\/11\/telecommande-1-1077x1536.jpg 1077w, https:\/\/www.ganovelli-concept.fr\/wp-content\/uploads\/2021\/11\/telecommande-1-1436x2048.jpg 1436w, https:\/\/www.ganovelli-concept.fr\/wp-content\/uploads\/2021\/11\/telecommande-1-scaled.jpg 1794w\" sizes=\"(max-width: 105px) 100vw, 105px\" \/><\/figure><\/div>\n\n\n\n<p class=\"has-text-color\" style=\"color:#123ad7;font-size:27px\"><strong>PARTIE OP\u00c9RATIVE &amp; ORGANES DE LARGAGE<\/strong><\/p>\n\n\n\n<ol start=\"4\" class=\"has-text-color has-medium-font-size wp-block-list\" style=\"color:#123ad7\"><li>BLOQUEUR AUTOMATISE.<\/li><\/ol>\n\n\n\n<p>Permet un largage d\u2019\u00e9coute progressif&nbsp;: le bloqueur largue juste ce qu\u2019il faut pour que l\u2019assiette du navire redevienne normale.<\/p>\n\n\n\n<figure class=\"wp-block-image size-large\"><img loading=\"lazy\" decoding=\"async\" width=\"960\" height=\"1024\" src=\"https:\/\/www.ganovelli-concept.fr\/wp-content\/uploads\/2021\/11\/XX-2-960x1024.jpg\" alt=\"\" class=\"wp-image-247\" srcset=\"https:\/\/www.ganovelli-concept.fr\/wp-content\/uploads\/2021\/11\/XX-2-960x1024.jpg 960w, https:\/\/www.ganovelli-concept.fr\/wp-content\/uploads\/2021\/11\/XX-2-281x300.jpg 281w, https:\/\/www.ganovelli-concept.fr\/wp-content\/uploads\/2021\/11\/XX-2-768x819.jpg 768w, https:\/\/www.ganovelli-concept.fr\/wp-content\/uploads\/2021\/11\/XX-2-1441x1536.jpg 1441w, https:\/\/www.ganovelli-concept.fr\/wp-content\/uploads\/2021\/11\/XX-2.jpg 1449w\" sizes=\"(max-width: 960px) 100vw, 960px\" \/><\/figure>\n\n\n\n<ol start=\"5\" class=\"has-text-color has-medium-font-size wp-block-list\" style=\"color:#123ad7\"><li>HARKEN\u00ab Offshore Cam-matic\u00ae Cleat \u00bb AUTOMATISE<\/li><\/ol>\n\n\n\n<p>Permet un largage d\u2019\u00e9coute automatique ou \u00e0 distance comme un largage d\u2019\u00e9coute direct en usage normal.<\/p>\n\n\n\n<figure class=\"wp-block-image size-large\"><img loading=\"lazy\" decoding=\"async\" width=\"936\" height=\"1024\" src=\"https:\/\/www.ganovelli-concept.fr\/wp-content\/uploads\/2021\/11\/CAM-MATIC-936x1024.jpg\" alt=\"\" class=\"wp-image-248\" srcset=\"https:\/\/www.ganovelli-concept.fr\/wp-content\/uploads\/2021\/11\/CAM-MATIC-936x1024.jpg 936w, https:\/\/www.ganovelli-concept.fr\/wp-content\/uploads\/2021\/11\/CAM-MATIC-274x300.jpg 274w, https:\/\/www.ganovelli-concept.fr\/wp-content\/uploads\/2021\/11\/CAM-MATIC-768x840.jpg 768w, https:\/\/www.ganovelli-concept.fr\/wp-content\/uploads\/2021\/11\/CAM-MATIC-1405x1536.jpg 1405w, https:\/\/www.ganovelli-concept.fr\/wp-content\/uploads\/2021\/11\/CAM-MATIC.jpg 1625w\" sizes=\"(max-width: 936px) 100vw, 936px\" \/><\/figure>\n\n\n\n<ol start=\"6\" class=\"has-text-color has-medium-font-size wp-block-list\" style=\"color:#123ad7\"><li>CONSTRICTOR\u00ae AUTOMATISE<\/li><\/ol>\n\n\n\n<p>Permet un largage d\u2019\u00e9coute automatique ou \u00e0 distance comme un largage d\u2019\u00e9coute direct (manuel) en usage normal.Accepte de fortes charges comme \u00e9coute et traveller en direct ou largage de point fixe\u2026<\/p>\n\n\n\n<div class=\"wp-block-image\"><figure class=\"aligncenter size-full is-resized\"><img loading=\"lazy\" decoding=\"async\" src=\"https:\/\/www.ganovelli-concept.fr\/wp-content\/uploads\/2023\/09\/Const-site.png\" alt=\"\" class=\"wp-image-846\" width=\"647\" height=\"561\" srcset=\"https:\/\/www.ganovelli-concept.fr\/wp-content\/uploads\/2023\/09\/Const-site.png 547w, https:\/\/www.ganovelli-concept.fr\/wp-content\/uploads\/2023\/09\/Const-site-300x260.png 300w\" sizes=\"(max-width: 647px) 100vw, 647px\" \/><\/figure><\/div>\n\n\n\n<ol start=\"7\" class=\"has-text-color has-medium-font-size wp-block-list\" style=\"color:#123ad7\"><li>HYDRAULIQUE ET \u00c9LECTROVANNE<\/li><\/ol>\n\n\n\n<p>Vanne pilot\u00e9e \u00e9lectriquement par l\u2019ACS permettant le d\u00e9brayage d\u2019un v\u00e9rin ou d\u2019un winch emmagasineur hydraulique (utilis\u00e9 en g\u00e9n\u00e9rale pour la Grand Voile). Contr\u00f4le tr\u00e8s souple et progressif sans \u00e0-coup.<\/p>\n\n\n\n<p><\/p>\n\n\n\n<figure class=\"wp-block-image size-large\"><img loading=\"lazy\" decoding=\"async\" width=\"694\" height=\"1024\" src=\"https:\/\/www.ganovelli-concept.fr\/wp-content\/uploads\/2021\/11\/ELECTROVANNE-694x1024.jpg\" alt=\"\" class=\"wp-image-250\" srcset=\"https:\/\/www.ganovelli-concept.fr\/wp-content\/uploads\/2021\/11\/ELECTROVANNE-694x1024.jpg 694w, https:\/\/www.ganovelli-concept.fr\/wp-content\/uploads\/2021\/11\/ELECTROVANNE-203x300.jpg 203w, https:\/\/www.ganovelli-concept.fr\/wp-content\/uploads\/2021\/11\/ELECTROVANNE-768x1133.jpg 768w, https:\/\/www.ganovelli-concept.fr\/wp-content\/uploads\/2021\/11\/ELECTROVANNE-1041x1536.jpg 1041w, https:\/\/www.ganovelli-concept.fr\/wp-content\/uploads\/2021\/11\/ELECTROVANNE.jpg 1093w\" sizes=\"(max-width: 694px) 100vw, 694px\" \/><\/figure>\n\n\n\n<ol start=\"8\" class=\"has-text-color has-medium-font-size wp-block-list\" style=\"color:#123ad7\"><li>ACCESSOIRES<\/li><\/ol>\n\n\n\n<p class=\"has-text-align-center\">MANIVELLE A CROC<\/p>\n\n\n\n<figure class=\"wp-block-gallery columns-3 is-cropped wp-block-gallery-1 is-layout-flex wp-block-gallery-is-layout-flex\"><ul class=\"blocks-gallery-grid\"><li class=\"blocks-gallery-item\"><figure><img loading=\"lazy\" decoding=\"async\" width=\"1024\" height=\"576\" src=\"https:\/\/www.ganovelli-concept.fr\/wp-content\/uploads\/2023\/09\/IMG-20230606-WA00041-1024x576.jpg\" alt=\"\" data-id=\"841\" data-full-url=\"https:\/\/www.ganovelli-concept.fr\/wp-content\/uploads\/2023\/09\/IMG-20230606-WA00041.jpg\" data-link=\"https:\/\/www.ganovelli-concept.fr\/page-d-exemple\/principe\/img-20230606-wa00041\/\" class=\"wp-image-841\" srcset=\"https:\/\/www.ganovelli-concept.fr\/wp-content\/uploads\/2023\/09\/IMG-20230606-WA00041-1024x576.jpg 1024w, https:\/\/www.ganovelli-concept.fr\/wp-content\/uploads\/2023\/09\/IMG-20230606-WA00041-300x169.jpg 300w, https:\/\/www.ganovelli-concept.fr\/wp-content\/uploads\/2023\/09\/IMG-20230606-WA00041-768x432.jpg 768w, https:\/\/www.ganovelli-concept.fr\/wp-content\/uploads\/2023\/09\/IMG-20230606-WA00041-1536x864.jpg 1536w, https:\/\/www.ganovelli-concept.fr\/wp-content\/uploads\/2023\/09\/IMG-20230606-WA00041.jpg 1599w\" sizes=\"(max-width: 1024px) 100vw, 1024px\" \/><\/figure><\/li><li class=\"blocks-gallery-item\"><figure><img loading=\"lazy\" decoding=\"async\" width=\"1024\" height=\"576\" src=\"https:\/\/www.ganovelli-concept.fr\/wp-content\/uploads\/2023\/09\/IMG-20230606-WA000211-1024x576.jpg\" alt=\"\" data-id=\"840\" data-full-url=\"https:\/\/www.ganovelli-concept.fr\/wp-content\/uploads\/2023\/09\/IMG-20230606-WA000211.jpg\" data-link=\"https:\/\/www.ganovelli-concept.fr\/page-d-exemple\/principe\/img-20230606-wa000211\/\" class=\"wp-image-840\" srcset=\"https:\/\/www.ganovelli-concept.fr\/wp-content\/uploads\/2023\/09\/IMG-20230606-WA000211-1024x576.jpg 1024w, https:\/\/www.ganovelli-concept.fr\/wp-content\/uploads\/2023\/09\/IMG-20230606-WA000211-300x169.jpg 300w, https:\/\/www.ganovelli-concept.fr\/wp-content\/uploads\/2023\/09\/IMG-20230606-WA000211-768x432.jpg 768w, https:\/\/www.ganovelli-concept.fr\/wp-content\/uploads\/2023\/09\/IMG-20230606-WA000211-1536x864.jpg 1536w, https:\/\/www.ganovelli-concept.fr\/wp-content\/uploads\/2023\/09\/IMG-20230606-WA000211.jpg 1599w\" sizes=\"(max-width: 1024px) 100vw, 1024px\" \/><figcaption class=\"blocks-gallery-item__caption\"><br><br><br><br><br><br><br><br><br><br><br><strong><span class=\"has-inline-color has-vivid-red-color\"><\/span><\/strong><\/figcaption><\/figure><\/li><li class=\"blocks-gallery-item\"><figure><img loading=\"lazy\" decoding=\"async\" width=\"1024\" height=\"768\" src=\"https:\/\/www.ganovelli-concept.fr\/wp-content\/uploads\/2023\/09\/manivelle-croc-actual-1024x768.jpg\" alt=\"\" data-id=\"842\" data-full-url=\"https:\/\/www.ganovelli-concept.fr\/wp-content\/uploads\/2023\/09\/manivelle-croc-actual.jpg\" data-link=\"https:\/\/www.ganovelli-concept.fr\/page-d-exemple\/principe\/manivelle-croc-actual\/\" class=\"wp-image-842\" srcset=\"https:\/\/www.ganovelli-concept.fr\/wp-content\/uploads\/2023\/09\/manivelle-croc-actual-1024x768.jpg 1024w, https:\/\/www.ganovelli-concept.fr\/wp-content\/uploads\/2023\/09\/manivelle-croc-actual-300x225.jpg 300w, https:\/\/www.ganovelli-concept.fr\/wp-content\/uploads\/2023\/09\/manivelle-croc-actual-768x576.jpg 768w, https:\/\/www.ganovelli-concept.fr\/wp-content\/uploads\/2023\/09\/manivelle-croc-actual-1536x1152.jpg 1536w, https:\/\/www.ganovelli-concept.fr\/wp-content\/uploads\/2023\/09\/manivelle-croc-actual.jpg 1600w\" sizes=\"(max-width: 1024px) 100vw, 1024px\" \/><\/figure><\/li><\/ul><\/figure>\n\n\n\n<div class=\"wp-block-image\"><figure class=\"aligncenter size-full is-resized\"><img loading=\"lazy\" decoding=\"async\" src=\"https:\/\/www.ganovelli-concept.fr\/wp-content\/uploads\/2023\/09\/CROC-ACS.jpg\" alt=\"\" class=\"wp-image-887\" width=\"166\" height=\"244\"\/><\/figure><\/div>\n\n\n\n<p><\/p>\n\n\n\n<p class=\"has-text-align-center\">REA DE RENVOI (pour minimiser le nombre d&#8217;organe de largage)<\/p>\n\n\n\n<figure class=\"wp-block-gallery columns-3 is-cropped wp-block-gallery-2 is-layout-flex wp-block-gallery-is-layout-flex\"><ul class=\"blocks-gallery-grid\"><li class=\"blocks-gallery-item\"><figure><img loading=\"lazy\" decoding=\"async\" width=\"1024\" height=\"768\" src=\"https:\/\/www.ganovelli-concept.fr\/wp-content\/uploads\/2023\/09\/20230914_070038-1024x768.jpg\" alt=\"\" data-id=\"875\" data-link=\"https:\/\/www.ganovelli-concept.fr\/page-d-exemple\/principe\/20230914_070038\/\" class=\"wp-image-875\" srcset=\"https:\/\/www.ganovelli-concept.fr\/wp-content\/uploads\/2023\/09\/20230914_070038-1024x768.jpg 1024w, https:\/\/www.ganovelli-concept.fr\/wp-content\/uploads\/2023\/09\/20230914_070038-300x225.jpg 300w, https:\/\/www.ganovelli-concept.fr\/wp-content\/uploads\/2023\/09\/20230914_070038-768x576.jpg 768w, https:\/\/www.ganovelli-concept.fr\/wp-content\/uploads\/2023\/09\/20230914_070038-1536x1152.jpg 1536w, https:\/\/www.ganovelli-concept.fr\/wp-content\/uploads\/2023\/09\/20230914_070038-2048x1536.jpg 2048w\" sizes=\"(max-width: 1024px) 100vw, 1024px\" \/><\/figure><\/li><li class=\"blocks-gallery-item\"><figure><img loading=\"lazy\" decoding=\"async\" width=\"1024\" height=\"768\" src=\"https:\/\/www.ganovelli-concept.fr\/wp-content\/uploads\/2023\/09\/20230914_070048-1024x768.jpg\" alt=\"\" data-id=\"876\" data-link=\"https:\/\/www.ganovelli-concept.fr\/page-d-exemple\/principe\/20230914_070048\/\" class=\"wp-image-876\" srcset=\"https:\/\/www.ganovelli-concept.fr\/wp-content\/uploads\/2023\/09\/20230914_070048-1024x768.jpg 1024w, https:\/\/www.ganovelli-concept.fr\/wp-content\/uploads\/2023\/09\/20230914_070048-300x225.jpg 300w, https:\/\/www.ganovelli-concept.fr\/wp-content\/uploads\/2023\/09\/20230914_070048-768x576.jpg 768w, https:\/\/www.ganovelli-concept.fr\/wp-content\/uploads\/2023\/09\/20230914_070048-1536x1152.jpg 1536w, https:\/\/www.ganovelli-concept.fr\/wp-content\/uploads\/2023\/09\/20230914_070048-2048x1536.jpg 2048w\" sizes=\"(max-width: 1024px) 100vw, 1024px\" \/><\/figure><\/li><li class=\"blocks-gallery-item\"><figure><img loading=\"lazy\" decoding=\"async\" width=\"1024\" height=\"768\" src=\"https:\/\/www.ganovelli-concept.fr\/wp-content\/uploads\/2023\/09\/20230914_070024-1024x768.jpg\" alt=\"\" data-id=\"877\" data-link=\"https:\/\/www.ganovelli-concept.fr\/page-d-exemple\/principe\/20230914_070024\/\" class=\"wp-image-877\" srcset=\"https:\/\/www.ganovelli-concept.fr\/wp-content\/uploads\/2023\/09\/20230914_070024-1024x768.jpg 1024w, https:\/\/www.ganovelli-concept.fr\/wp-content\/uploads\/2023\/09\/20230914_070024-300x225.jpg 300w, https:\/\/www.ganovelli-concept.fr\/wp-content\/uploads\/2023\/09\/20230914_070024-768x576.jpg 768w, https:\/\/www.ganovelli-concept.fr\/wp-content\/uploads\/2023\/09\/20230914_070024-1536x1152.jpg 1536w, https:\/\/www.ganovelli-concept.fr\/wp-content\/uploads\/2023\/09\/20230914_070024-2048x1536.jpg 2048w\" sizes=\"(max-width: 1024px) 100vw, 1024px\" \/><\/figure><\/li><li class=\"blocks-gallery-item\"><figure><img loading=\"lazy\" decoding=\"async\" width=\"1024\" height=\"768\" src=\"https:\/\/www.ganovelli-concept.fr\/wp-content\/uploads\/2023\/09\/20230914_065934-1-1024x768.jpg\" alt=\"\" data-id=\"878\" data-full-url=\"https:\/\/www.ganovelli-concept.fr\/wp-content\/uploads\/2023\/09\/20230914_065934-1-scaled.jpg\" data-link=\"https:\/\/www.ganovelli-concept.fr\/page-d-exemple\/principe\/20230914_065934-1\/\" class=\"wp-image-878\" srcset=\"https:\/\/www.ganovelli-concept.fr\/wp-content\/uploads\/2023\/09\/20230914_065934-1-1024x768.jpg 1024w, https:\/\/www.ganovelli-concept.fr\/wp-content\/uploads\/2023\/09\/20230914_065934-1-300x225.jpg 300w, https:\/\/www.ganovelli-concept.fr\/wp-content\/uploads\/2023\/09\/20230914_065934-1-768x576.jpg 768w, https:\/\/www.ganovelli-concept.fr\/wp-content\/uploads\/2023\/09\/20230914_065934-1-1536x1152.jpg 1536w, https:\/\/www.ganovelli-concept.fr\/wp-content\/uploads\/2023\/09\/20230914_065934-1-2048x1536.jpg 2048w\" sizes=\"(max-width: 1024px) 100vw, 1024px\" \/><\/figure><\/li><li class=\"blocks-gallery-item\"><figure><img loading=\"lazy\" decoding=\"async\" width=\"1024\" height=\"768\" src=\"https:\/\/www.ganovelli-concept.fr\/wp-content\/uploads\/2023\/09\/20230914_065924-1-1024x768.jpg\" alt=\"\" data-id=\"879\" data-full-url=\"https:\/\/www.ganovelli-concept.fr\/wp-content\/uploads\/2023\/09\/20230914_065924-1-scaled.jpg\" data-link=\"https:\/\/www.ganovelli-concept.fr\/page-d-exemple\/principe\/20230914_065924-1\/\" class=\"wp-image-879\" srcset=\"https:\/\/www.ganovelli-concept.fr\/wp-content\/uploads\/2023\/09\/20230914_065924-1-1024x768.jpg 1024w, https:\/\/www.ganovelli-concept.fr\/wp-content\/uploads\/2023\/09\/20230914_065924-1-300x225.jpg 300w, https:\/\/www.ganovelli-concept.fr\/wp-content\/uploads\/2023\/09\/20230914_065924-1-768x576.jpg 768w, https:\/\/www.ganovelli-concept.fr\/wp-content\/uploads\/2023\/09\/20230914_065924-1-1536x1152.jpg 1536w, https:\/\/www.ganovelli-concept.fr\/wp-content\/uploads\/2023\/09\/20230914_065924-1-2048x1536.jpg 2048w\" sizes=\"(max-width: 1024px) 100vw, 1024px\" \/><\/figure><\/li><li class=\"blocks-gallery-item\"><figure><img loading=\"lazy\" decoding=\"async\" width=\"1024\" height=\"768\" src=\"https:\/\/www.ganovelli-concept.fr\/wp-content\/uploads\/2023\/09\/20230914_065932-1-1024x768.jpg\" alt=\"\" data-id=\"880\" data-full-url=\"https:\/\/www.ganovelli-concept.fr\/wp-content\/uploads\/2023\/09\/20230914_065932-1-scaled.jpg\" data-link=\"https:\/\/www.ganovelli-concept.fr\/page-d-exemple\/principe\/20230914_065932-1\/\" class=\"wp-image-880\" srcset=\"https:\/\/www.ganovelli-concept.fr\/wp-content\/uploads\/2023\/09\/20230914_065932-1-1024x768.jpg 1024w, https:\/\/www.ganovelli-concept.fr\/wp-content\/uploads\/2023\/09\/20230914_065932-1-300x225.jpg 300w, https:\/\/www.ganovelli-concept.fr\/wp-content\/uploads\/2023\/09\/20230914_065932-1-768x576.jpg 768w, https:\/\/www.ganovelli-concept.fr\/wp-content\/uploads\/2023\/09\/20230914_065932-1-1536x1152.jpg 1536w, https:\/\/www.ganovelli-concept.fr\/wp-content\/uploads\/2023\/09\/20230914_065932-1-2048x1536.jpg 2048w\" sizes=\"(max-width: 1024px) 100vw, 1024px\" \/><\/figure><\/li><\/ul><\/figure>\n\n\n\n<div class=\"wp-block-image\"><figure class=\"aligncenter size-full\"><img loading=\"lazy\" decoding=\"async\" width=\"418\" height=\"561\" src=\"https:\/\/www.ganovelli-concept.fr\/wp-content\/uploads\/2023\/09\/REA-RENVOI-ACS-2.jpg\" alt=\"\" class=\"wp-image-886\" srcset=\"https:\/\/www.ganovelli-concept.fr\/wp-content\/uploads\/2023\/09\/REA-RENVOI-ACS-2.jpg 418w, https:\/\/www.ganovelli-concept.fr\/wp-content\/uploads\/2023\/09\/REA-RENVOI-ACS-2-224x300.jpg 224w\" sizes=\"(max-width: 418px) 100vw, 418px\" \/><\/figure><\/div>","protected":false},"excerpt":{"rendered":"<p>PARTIE COMMANDE &amp; D\u00c9TECTION BOITIER DE D\u00c9TECTION C\u2019est un organe \u00e9lectronique de contr\u00f4le d\u2019assiette du bateau. Install\u00e9 \u00e0 demeure en [&hellip;]<\/p>","protected":false},"author":1,"featured_media":0,"parent":0,"menu_order":1,"comment_status":"closed","ping_status":"closed","template":"","meta":{"_uag_custom_page_level_css":"","site-sidebar-layout":"default","site-content-layout":"","ast-site-content-layout":"","site-content-style":"default","site-sidebar-style":"default","ast-global-header-display":"","ast-banner-title-visibility":"","ast-main-header-display":"","ast-hfb-above-header-display":"","ast-hfb-below-header-display":"","ast-hfb-mobile-header-display":"","site-post-title":"","ast-breadcrumbs-content":"","ast-featured-img":"","footer-sml-layout":"","theme-transparent-header-meta":"","adv-header-id-meta":"","stick-header-meta":"","header-above-stick-meta":"","header-main-stick-meta":"","header-below-stick-meta":"","astra-migrate-meta-layouts":"default","ast-page-background-enabled":"default","ast-page-background-meta":{"desktop":{"background-color":"var(--ast-global-color-4)","background-image":"","background-repeat":"repeat","background-position":"center center","background-size":"auto","background-attachment":"scroll","background-type":"","background-media":"","overlay-type":"","overlay-color":"","overlay-opacity":"","overlay-gradient":""},"tablet":{"background-color":"","background-image":"","background-repeat":"repeat","background-position":"center center","background-size":"auto","background-attachment":"scroll","background-type":"","background-media":"","overlay-type":"","overlay-color":"","overlay-opacity":"","overlay-gradient":""},"mobile":{"background-color":"","background-image":"","background-repeat":"repeat","background-position":"center center","background-size":"auto","background-attachment":"scroll","background-type":"","background-media":"","overlay-type":"","overlay-color":"","overlay-opacity":"","overlay-gradient":""}},"ast-content-background-meta":{"desktop":{"background-color":"var(--ast-global-color-5)","background-image":"","background-repeat":"repeat","background-position":"center center","background-size":"auto","background-attachment":"scroll","background-type":"","background-media":"","overlay-type":"","overlay-color":"","overlay-opacity":"","overlay-gradient":""},"tablet":{"background-color":"var(--ast-global-color-5)","background-image":"","background-repeat":"repeat","background-position":"center center","background-size":"auto","background-attachment":"scroll","background-type":"","background-media":"","overlay-type":"","overlay-color":"","overlay-opacity":"","overlay-gradient":""},"mobile":{"background-color":"var(--ast-global-color-5)","background-image":"","background-repeat":"repeat","background-position":"center center","background-size":"auto","background-attachment":"scroll","background-type":"","background-media":"","overlay-type":"","overlay-color":"","overlay-opacity":"","overlay-gradient":""}},"footnotes":""},"class_list":["post-39","page","type-page","status-publish","hentry"],"uagb_featured_image_src":{"full":false,"thumbnail":false,"medium":false,"medium_large":false,"large":false,"1536x1536":false,"2048x2048":false,"trp-custom-language-flag":false},"uagb_author_info":{"display_name":"admin_gc","author_link":"https:\/\/www.ganovelli-concept.fr\/fr\/author\/admin_gc\/"},"uagb_comment_info":0,"uagb_excerpt":"PARTIE COMMANDE &amp; D\u00c9TECTION BOITIER DE D\u00c9TECTION C\u2019est un organe \u00e9lectronique de contr\u00f4le d\u2019assiette du bateau. Install\u00e9 \u00e0 demeure en [&hellip;]","_links":{"self":[{"href":"https:\/\/www.ganovelli-concept.fr\/fr\/wp-json\/wp\/v2\/pages\/39"}],"collection":[{"href":"https:\/\/www.ganovelli-concept.fr\/fr\/wp-json\/wp\/v2\/pages"}],"about":[{"href":"https:\/\/www.ganovelli-concept.fr\/fr\/wp-json\/wp\/v2\/types\/page"}],"author":[{"embeddable":true,"href":"https:\/\/www.ganovelli-concept.fr\/fr\/wp-json\/wp\/v2\/users\/1"}],"replies":[{"embeddable":true,"href":"https:\/\/www.ganovelli-concept.fr\/fr\/wp-json\/wp\/v2\/comments?post=39"}],"version-history":[{"count":18,"href":"https:\/\/www.ganovelli-concept.fr\/fr\/wp-json\/wp\/v2\/pages\/39\/revisions"}],"predecessor-version":[{"id":888,"href":"https:\/\/www.ganovelli-concept.fr\/fr\/wp-json\/wp\/v2\/pages\/39\/revisions\/888"}],"wp:attachment":[{"href":"https:\/\/www.ganovelli-concept.fr\/fr\/wp-json\/wp\/v2\/media?parent=39"}],"curies":[{"name":"wp","href":"https:\/\/api.w.org\/{rel}","templated":true}]}}